{"id":2,"date":"2025-04-22T16:33:13","date_gmt":"2025-04-22T14:33:13","guid":{"rendered":"https:\/\/www.waldkiga.com\/?page_id=2"},"modified":"2025-04-25T11:19:45","modified_gmt":"2025-04-25T09:19:45","slug":"willkommen","status":"publish","type":"page","link":"https:\/\/www.waldkiga.com\/","title":{"rendered":"Willkommen"},"content":{"rendered":"\n<p>Herzlich Willkommen beim Wald- und Naturkindergarten Mangfalltal e.V.!<\/p>\n\n\n\n<p>Unser Verein wurde 2002 von wald- und naturbegeisterten Eltern gegr\u00fcndet und wird seitdem von Eltern in Selbstorganisation gef\u00fchrt und verwaltet.<\/p>\n\n\n\n<p>In unserem Kindergarten werden zwei Gruppen mit max. 15 Kindern betreut; die Anzahl der Integrativpl\u00e4tze ist variabel. Au\u00dferdem bieten wir zwei Waldspielgruppen f\u00fcr die Kleinen mit und ohne Begleitung eines Elternteils an.<\/p>\n\n\n\n<p>An unserer Faszination f\u00fcr die P\u00e4dagogik im Wald hat sich bis heute nichts ge\u00e4ndert. Die Zeit im Wald ist f\u00fcr alle etwas Besonderes: f\u00fcr die Kinder, die Eltern und das Kindergartenteam.<\/p>\n\n\n\n<p>Wir freuen uns auf Sie und Ihre Kinder!<\/p>\n","protected":false},"excerpt":{"rendered":"<p>Herzlich Willkommen beim Wald- und Naturkindergarten Mangfalltal e.V.! Unser Verein wurde 2002 von wald- und naturbegeisterten Eltern gegr\u00fcndet und wird seitdem von Eltern in Selbstorganisation gef\u00fchrt und verwaltet. In unserem Kindergarten werden zwei Gruppen mit max. 15 Kindern betreut; die Anzahl der Integrativpl\u00e4tze ist variabel. Au\u00dferdem bieten wir zwei Waldspielgruppen f\u00fcr die Kleinen mit und [&hellip;]<\/p>\n","protected":false},"author":1,"featured_media":0,"parent":0,"menu_order":0,"comment_status":"closed","ping_status":"open","template":"","meta":{"footnotes":""},"class_list":["post-2","page","type-page","status-publish","hentry"],"_links":{"self":[{"href":"https:\/\/www.waldkiga.com\/index.php\/wp-json\/wp\/v2\/pages\/2","targetHints":{"allow":["GET"]}}],"collection":[{"href":"https:\/\/www.waldkiga.com\/index.php\/wp-json\/wp\/v2\/pages"}],"about":[{"href":"https:\/\/www.waldkiga.com\/index.php\/wp-json\/wp\/v2\/types\/page"}],"author":[{"embeddable":true,"href":"https:\/\/www.waldkiga.com\/index.php\/wp-json\/wp\/v2\/users\/1"}],"replies":[{"embeddable":true,"href":"https:\/\/www.waldkiga.com\/index.php\/wp-json\/wp\/v2\/comments?post=2"}],"version-history":[{"count":4,"href":"https:\/\/www.waldkiga.com\/index.php\/wp-json\/wp\/v2\/pages\/2\/revisions"}],"predecessor-version":[{"id":54,"href":"https:\/\/www.waldkiga.com\/index.php\/wp-json\/wp\/v2\/pages\/2\/revisions\/54"}],"wp:attachment":[{"href":"https:\/\/www.waldkiga.com\/index.php\/wp-json\/wp\/v2\/media?parent=2"}],"curies":[{"name":"wp","href":"https:\/\/api.w.org\/{rel}","templated":true}]}}